{"id":78,"date":"2019-01-18T00:27:26","date_gmt":"2019-01-17T23:27:26","guid":{"rendered":"http:\/\/word.olipitz.com\/?page_id=78"},"modified":"2019-01-20T18:50:09","modified_gmt":"2019-01-20T17:50:09","slug":"brueckenbau","status":"publish","type":"page","link":"https:\/\/www.olipitz.com\/?page_id=78","title":{"rendered":"Br\u00fcckenbau"},"content":{"rendered":"<p>&nbsp;<\/p>\r\n\r\n<p>Die K\u00f6nigsdisziplin des Ingenieurbaus stellt der Br\u00fcckenbau dar.<br \/>Der Br\u00fcckenbau beinhaltet trotz der einfachen Funktionalit\u00e4t \u2013 die Br\u00fccke verbindet schlicht zwei Punkte beidseits eines Hindernisses \u2013 viele vom planenden Ingenieur subjektiv\u00a0gewichteten Faktoren.\u00a0<br \/>Der Bauingenieur tritt als Generalist auf, der Konstruktion und Form einer Br\u00fccke bestimmt. In den Entwurf von Br\u00fccken flie\u00dfen gleicherma\u00dfen \u00e4sthetische, ethische und naturwissenschaftliche Einfl\u00fcsse ein.\u00a0\u00a0<br \/><br \/><\/p>\r\n<p><img loading=\"lazy\" decoding=\"async\" class=\"alignleft size-full wp-image-159 ml-lightbox-enabled\" src=\"https:\/\/www.olipitz.com\/wp-content\/uploads\/2019\/01\/UHPC-Paulifurtbr\u00fccke-2014-.jpg\" alt=\"\" width=\"1200\" height=\"800\" srcset=\"https:\/\/www.olipitz.com\/wp-content\/uploads\/2019\/01\/UHPC-Paulifurtbr\u00fccke-2014-.jpg 1200w, https:\/\/www.olipitz.com\/wp-content\/uploads\/2019\/01\/UHPC-Paulifurtbr\u00fccke-2014--300x200.jpg 300w, https:\/\/www.olipitz.com\/wp-content\/uploads\/2019\/01\/UHPC-Paulifurtbr\u00fccke-2014--768x512.jpg 768w, https:\/\/www.olipitz.com\/wp-content\/uploads\/2019\/01\/UHPC-Paulifurtbr\u00fccke-2014--1024x683.jpg 1024w\" sizes=\"auto, (max-width: 767px) 89vw, (max-width: 1000px) 54vw, (max-width: 1071px) 543px, 580px\" \/><\/p>\r\n<p>&nbsp;<\/p>\r\n<p>&nbsp;<\/p>\r\n<p>&nbsp;<\/p>\r\n\r\n<p>&nbsp;<\/p>","protected":false},"excerpt":{"rendered":"<p>&nbsp; Die K\u00f6nigsdisziplin des Ingenieurbaus stellt der Br\u00fcckenbau dar.Der Br\u00fcckenbau beinhaltet trotz der einfachen Funktionalit\u00e4t \u2013 die Br\u00fccke verbindet schlicht zwei Punkte beidseits eines Hindernisses \u2013 viele vom planenden Ingenieur subjektiv\u00a0gewichteten Faktoren.\u00a0Der Bauingenieur tritt als Generalist auf, der Konstruktion und Form einer Br\u00fccke bestimmt. In den Entwurf von Br\u00fccken flie\u00dfen gleicherma\u00dfen \u00e4sthetische, ethische und naturwissenschaftliche &hellip; <\/p>\n<p class=\"link-more\"><a href=\"https:\/\/www.olipitz.com\/?page_id=78\" class=\"more-link\"><span class=\"screen-reader-text\">\u201eBr\u00fcckenbau\u201c <\/span>weiterlesen<\/a><\/p>\n","protected":false},"author":1,"featured_media":0,"parent":53,"menu_order":0,"comment_status":"closed","ping_status":"closed","template":"","meta":{"footnotes":""},"class_list":["post-78","page","type-page","status-publish","hentry"],"_links":{"self":[{"href":"https:\/\/www.olipitz.com\/index.php?rest_route=\/wp\/v2\/pages\/78","targetHints":{"allow":["GET"]}}],"collection":[{"href":"https:\/\/www.olipitz.com\/index.php?rest_route=\/wp\/v2\/pages"}],"about":[{"href":"https:\/\/www.olipitz.com\/index.php?rest_route=\/wp\/v2\/types\/page"}],"author":[{"embeddable":true,"href":"https:\/\/www.olipitz.com\/index.php?rest_route=\/wp\/v2\/users\/1"}],"replies":[{"embeddable":true,"href":"https:\/\/www.olipitz.com\/index.php?rest_route=%2Fwp%2Fv2%2Fcomments&post=78"}],"version-history":[{"count":23,"href":"https:\/\/www.olipitz.com\/index.php?rest_route=\/wp\/v2\/pages\/78\/revisions"}],"predecessor-version":[{"id":792,"href":"https:\/\/www.olipitz.com\/index.php?rest_route=\/wp\/v2\/pages\/78\/revisions\/792"}],"up":[{"embeddable":true,"href":"https:\/\/www.olipitz.com\/index.php?rest_route=\/wp\/v2\/pages\/53"}],"wp:attachment":[{"href":"https:\/\/www.olipitz.com\/index.php?rest_route=%2Fwp%2Fv2%2Fmedia&parent=78"}],"curies":[{"name":"wp","href":"https:\/\/api.w.org\/{rel}","templated":true}]}}