{"id":668,"date":"2019-01-19T20:05:14","date_gmt":"2019-01-19T19:05:14","guid":{"rendered":"http:\/\/word.olipitz.com\/?page_id=668"},"modified":"2019-01-23T15:37:43","modified_gmt":"2019-01-23T14:37:43","slug":"das-nea-prinzip","status":"publish","type":"page","link":"https:\/\/www.olipitz.com\/?page_id=668","title":{"rendered":"Das NEA-Prinzip"},"content":{"rendered":"<p>&#8220;Das Wahre suchen und das Sch\u00f6ne lieben und das Gute \u00fcben. Kein reiner Gl\u00fcck als diesen kann auf Erden dem Menschen werden.&#8220;<br \/>\n&#8211; Friedrich Karl von Gerok, 1815 &#8211; 1890, deutscher Dichter und Theologe &#8211;<\/p>\n<p>Die Arbeiten der SDO ZT GmbH basieren auf einem l\u00f6sungsorientierten ganzheitlichen Zugang, dem <strong>NEA-Prinzip <\/strong>(ein umfassender Ansatz).<\/p>\n<p><strong>N<\/strong>atur &#8211;\u00a0<strong>E<\/strong>thik &#8211;\u00a0<strong>\u00c4<\/strong>sthetik<\/p>\n<p><img loading=\"lazy\" decoding=\"async\" class=\"alignleft size-full wp-image-674 ml-lightbox-enabled\" src=\"https:\/\/www.olipitz.com\/wp-content\/uploads\/2019\/01\/Folie1-1.jpg\" alt=\"\" width=\"544\" height=\"540\" srcset=\"https:\/\/www.olipitz.com\/wp-content\/uploads\/2019\/01\/Folie1-1.jpg 544w, https:\/\/www.olipitz.com\/wp-content\/uploads\/2019\/01\/Folie1-1-150x150.jpg 150w, https:\/\/www.olipitz.com\/wp-content\/uploads\/2019\/01\/Folie1-1-300x298.jpg 300w, https:\/\/www.olipitz.com\/wp-content\/uploads\/2019\/01\/Folie1-1-100x100.jpg 100w\" sizes=\"auto, (max-width: 544px) 100vw, 544px\" \/><\/p>\n<p>&nbsp;<\/p>","protected":false},"excerpt":{"rendered":"<p>&#8220;Das Wahre suchen und das Sch\u00f6ne lieben und das Gute \u00fcben. Kein reiner Gl\u00fcck als diesen kann auf Erden dem Menschen werden.&#8220; &#8211; Friedrich Karl von Gerok, 1815 &#8211; 1890, deutscher Dichter und Theologe &#8211; Die Arbeiten der SDO ZT GmbH basieren auf einem l\u00f6sungsorientierten ganzheitlichen Zugang, dem NEA-Prinzip (ein umfassender Ansatz). Natur &#8211;\u00a0Ethik &#8211;\u00a0\u00c4sthetik &hellip; <\/p>\n<p class=\"link-more\"><a href=\"https:\/\/www.olipitz.com\/?page_id=668\" class=\"more-link\"><span class=\"screen-reader-text\">\u201eDas NEA-Prinzip\u201c <\/span>weiterlesen<\/a><\/p>\n","protected":false},"author":2,"featured_media":0,"parent":90,"menu_order":0,"comment_status":"closed","ping_status":"closed","template":"","meta":{"footnotes":""},"class_list":["post-668","page","type-page","status-publish","hentry"],"_links":{"self":[{"href":"https:\/\/www.olipitz.com\/index.php?rest_route=\/wp\/v2\/pages\/668","targetHints":{"allow":["GET"]}}],"collection":[{"href":"https:\/\/www.olipitz.com\/index.php?rest_route=\/wp\/v2\/pages"}],"about":[{"href":"https:\/\/www.olipitz.com\/index.php?rest_route=\/wp\/v2\/types\/page"}],"author":[{"embeddable":true,"href":"https:\/\/www.olipitz.com\/index.php?rest_route=\/wp\/v2\/users\/2"}],"replies":[{"embeddable":true,"href":"https:\/\/www.olipitz.com\/index.php?rest_route=%2Fwp%2Fv2%2Fcomments&post=668"}],"version-history":[{"count":8,"href":"https:\/\/www.olipitz.com\/index.php?rest_route=\/wp\/v2\/pages\/668\/revisions"}],"predecessor-version":[{"id":894,"href":"https:\/\/www.olipitz.com\/index.php?rest_route=\/wp\/v2\/pages\/668\/revisions\/894"}],"up":[{"embeddable":true,"href":"https:\/\/www.olipitz.com\/index.php?rest_route=\/wp\/v2\/pages\/90"}],"wp:attachment":[{"href":"https:\/\/www.olipitz.com\/index.php?rest_route=%2Fwp%2Fv2%2Fmedia&parent=668"}],"curies":[{"name":"wp","href":"https:\/\/api.w.org\/{rel}","templated":true}]}}