{"id":57,"date":"2019-01-18T00:16:50","date_gmt":"2019-01-17T23:16:50","guid":{"rendered":"http:\/\/word.olipitz.com\/?page_id=57"},"modified":"2019-01-23T15:38:17","modified_gmt":"2019-01-23T14:38:17","slug":"innovation-forschung-und-entwicklung","status":"publish","type":"page","link":"https:\/\/www.olipitz.com\/?page_id=57","title":{"rendered":"Innovation F&#038;E"},"content":{"rendered":"<p><strong>Innovation, Forschung und Entwicklung<br \/><\/strong><\/p>\r\n<div>\u201eJede Sch\u00f6pfung ist ein Wagnis.\u201c<\/div>\r\n<div>&#8211;\u00a0Christian Morgenstern, 1871 -1914, dt.Lyriker &#8211;<\/div>\r\n<p><strong><br \/><\/strong>Die Entwicklung neuer Bautechnologien erfordert eine enge Zusammenarbeit mit der Industrie. Spezielle Anwendungen aus der Praxis\u00a0ben\u00f6tigen oft neue L\u00f6sungsans\u00e4tze, die gemeinsam mit den Industriepartnern in den Bereichen<br \/>\u00a0 \u00a0 \u00a0 \u00a0 \u00a0<strong>&#8211; <span style=\"color: #000000;\">Baustoff-<\/span><\/strong><br \/><strong><span style=\"color: #000000;\">\u00a0 \u00a0 \u00a0 \u00a0 \u00a0&#8211; Bauteil-<\/span><\/strong><br \/><strong><span style=\"color: #000000;\">\u00a0 \u00a0 \u00a0 \u00a0 \u00a0&#8211; und Systementwicklung<\/span><\/strong><br \/>ausgearbeitet werden.<br \/><br \/><\/p>\r\n<p><\/p>\r\n<p><img loading=\"lazy\" decoding=\"async\" class=\"alignleft size-full wp-image-818 ml-lightbox-enabled\" src=\"https:\/\/www.olipitz.com\/wp-content\/uploads\/2019\/01\/UHPCSkulptur550px.jpg\" alt=\"\" width=\"550\" height=\"366\" srcset=\"https:\/\/www.olipitz.com\/wp-content\/uploads\/2019\/01\/UHPCSkulptur550px.jpg 550w, https:\/\/www.olipitz.com\/wp-content\/uploads\/2019\/01\/UHPCSkulptur550px-300x200.jpg 300w\" sizes=\"auto, (max-width: 550px) 100vw, 550px\" \/><\/p>","protected":false},"excerpt":{"rendered":"<p>Innovation, Forschung und Entwicklung \u201eJede Sch\u00f6pfung ist ein Wagnis.\u201c &#8211;\u00a0Christian Morgenstern, 1871 -1914, dt.Lyriker &#8211; Die Entwicklung neuer Bautechnologien erfordert eine enge Zusammenarbeit mit der Industrie. Spezielle Anwendungen aus der Praxis\u00a0ben\u00f6tigen oft neue L\u00f6sungsans\u00e4tze, die gemeinsam mit den Industriepartnern in den Bereichen\u00a0 \u00a0 \u00a0 \u00a0 \u00a0&#8211; Baustoff-\u00a0 \u00a0 \u00a0 \u00a0 \u00a0&#8211; Bauteil-\u00a0 \u00a0 \u00a0 \u00a0 &hellip; <\/p>\n<p class=\"link-more\"><a href=\"https:\/\/www.olipitz.com\/?page_id=57\" class=\"more-link\"><span class=\"screen-reader-text\">\u201eInnovation F&#038;E\u201c <\/span>weiterlesen<\/a><\/p>\n","protected":false},"author":1,"featured_media":800,"parent":0,"menu_order":0,"comment_status":"closed","ping_status":"closed","template":"","meta":{"footnotes":""},"class_list":["post-57","page","type-page","status-publish","has-post-thumbnail","hentry"],"_links":{"self":[{"href":"https:\/\/www.olipitz.com\/index.php?rest_route=\/wp\/v2\/pages\/57","targetHints":{"allow":["GET"]}}],"collection":[{"href":"https:\/\/www.olipitz.com\/index.php?rest_route=\/wp\/v2\/pages"}],"about":[{"href":"https:\/\/www.olipitz.com\/index.php?rest_route=\/wp\/v2\/types\/page"}],"author":[{"embeddable":true,"href":"https:\/\/www.olipitz.com\/index.php?rest_route=\/wp\/v2\/users\/1"}],"replies":[{"embeddable":true,"href":"https:\/\/www.olipitz.com\/index.php?rest_route=%2Fwp%2Fv2%2Fcomments&post=57"}],"version-history":[{"count":21,"href":"https:\/\/www.olipitz.com\/index.php?rest_route=\/wp\/v2\/pages\/57\/revisions"}],"predecessor-version":[{"id":895,"href":"https:\/\/www.olipitz.com\/index.php?rest_route=\/wp\/v2\/pages\/57\/revisions\/895"}],"wp:featuredmedia":[{"embeddable":true,"href":"https:\/\/www.olipitz.com\/index.php?rest_route=\/wp\/v2\/media\/800"}],"wp:attachment":[{"href":"https:\/\/www.olipitz.com\/index.php?rest_route=%2Fwp%2Fv2%2Fmedia&parent=57"}],"curies":[{"name":"wp","href":"https:\/\/api.w.org\/{rel}","templated":true}]}}